{"id":46,"date":"2021-12-09T13:34:10","date_gmt":"2021-12-09T12:34:10","guid":{"rendered":"https:\/\/www.so-nju.com\/?page_id=46"},"modified":"2025-04-08T11:36:37","modified_gmt":"2025-04-08T09:36:37","slug":"impressum","status":"publish","type":"page","link":"https:\/\/www.so-nju.com\/es\/impressum\/","title":{"rendered":"Aviso legal"},"content":{"rendered":"<h2 class=\"wp-block-heading\">SO:NJU &#8211; Agile Unternehmensberatung aus Hamburg<\/h2>\n\n\n\n<p>SO:NJU&nbsp;GmbH<br>Lutterothstra\u00dfe 16 a<br>20255 Hamburg<\/p>\n\n\n\n<p>Mail&nbsp;hello@so-nju.com<\/p>\n\n\n\n<p>Mobil Sonja +49 176 34105304<\/p>\n\n\n\n<p>Gesch\u00e4ftsf\u00fchrerin: Sonja Fritschi<br>Registergericht Hamburg, HRB 65292<br>Verantwortlich f\u00fcr redaktionelle Inhalte gem. \u00a7 55 Abs. 2 RStV: Sonja Fritschi<\/p>\n\n\n\n<p><\/p>\n\n\n\n<h3 class=\"wp-block-heading\">Hinweise zum Datenschutz und Nutzungsbedingungen<\/h3>\n\n\n\n<p>I. Schutz personenbezogener Daten<br>Sie k\u00f6nnen unsere Webseiten besuchen, ohne Angaben zu Ihrer Person zu machen. Wir speichern lediglich Zugriffsdaten ohne Personenbezug wie z.B. den Browsertyp\/ -version, verwendetes Betriebssystem, Name Ihres Internet Service Providers, Referrer URL (Seite, von der aus Sie uns besuchen), Uhrzeit der Serveranfrage oder den Namen der angeforderten Datei]. Diese Daten werden ausschlie\u00dflich zur Verbesserung unseres Angebotes ausgewertet und erlauben keinen R\u00fcckschluss auf Ihre Person.<\/p>\n\n\n\n<h4 class=\"wp-block-heading\">II. Verwendung von Cookies<\/h4>\n\n\n\n<p>Auf unseren Webseiten verwenden wir sog. Session-Cookies f\u00fcr statistische Zwecke und um in der Lage zu sein, unsere Webseiten anhand Ihres Nutzerverhaltens f\u00fcr Sie zu optimieren. Bei Cookies handelt es sich um kleine Datens\u00e4tze, die von unserem Webserver an Ihren Webbrowser gesandt und dort zum Teil f\u00fcr einen sp\u00e4teren Abruf gespeichert werden; gr\u00f6\u00dftenteils werden die Cookies aber nach Beendigung Ihres Besuchs wieder gel\u00f6scht. Ob Cookies bei Ihnen gesammelt werden k\u00f6nnen Sie selber bestimmen, indem Sie Ihren Browser so einstellen, dass Sie vor dem Speichern eines Cookies informiert werden und eine Speicherung erst erfolgt, wenn Sie dem ausdr\u00fccklich zustimmen. Unsere Cookies enthalten keine personenbezogenen Informationen.<\/p>\n\n\n\n<h4 class=\"wp-block-heading\">IV. Haftung f\u00fcr Inhalte<\/h4>\n\n\n\n<p>Die Inhalte unserer Seiten wurden mit gr\u00f6\u00dfter Sorgfalt erstellt. F\u00fcr die Richtigkeit, Vollst\u00e4ndigkeit und Aktualit\u00e4t der Inhalte k\u00f6nnen wir jedoch keine Gew\u00e4hr \u00fcbernehmen. Als Diensteanbieter sind wir gem\u00e4\u00df \u00a7 7 Abs.1 TMG f\u00fcr eigene Inhalte auf diesen Seiten nach den allgemeinen Gesetzen verantwortlich. Nach \u00a7\u00a7 8 bis 10 TMG sind wir als Diensteanbieter jedoch nicht verpflichtet, \u00fcbermittelte oder gespeicherte fremde Informationen zu \u00fcberwachen oder nach Umst\u00e4nden zu forschen, die auf eine rechtswidrige T\u00e4tigkeit hinweisen. Verpflichtungen zur Entfernung oder Sperrung der Nutzung von Informationen nach den allgemeinen Gesetzen bleiben hiervon unber\u00fchrt. Eine diesbez\u00fcgliche Haftung ist jedoch erst ab dem Zeitpunkt der Kenntnis einer konkreten Rechtsverletzung m\u00f6glich. Bei Bekanntwerden von entsprechenden Rechtsverletzungen werden wir diese Inhalte umgehend entfernen.<\/p>\n\n\n\n<h4 class=\"wp-block-heading\">V. Haftung f\u00fcr Links<\/h4>\n\n\n\n<p>Unser Angebot enth\u00e4lt sorgf\u00e4ltig recherchierte und zusammengestellte Links zu externen Webseiten Dritter, auf deren Inhalte wir keinen Einfluss haben. Deshalb k\u00f6nnen wir f\u00fcr diese fremden Inhalte auch keine Gew\u00e4hr \u00fcbernehmen. F\u00fcr die Inhalte der verlinkten Seiten ist stets der jeweilige Anbieter oder Betreiber der Seiten verantwortlich. Die verlinkten Seiten wurden zum Zeitpunkt der Verlinkung auf m\u00f6gliche Rechtsverst\u00f6\u00dfe \u00fcberpr\u00fcft. Rechtswidrige Inhalte waren zum Zeitpunkt der Verlinkung nicht erkennbar. Eine permanente inhaltliche Kontrolle der verlinkten Seiten ist jedoch ohne konkrete Anhaltspunkte einer Rechtsverletzung nicht m\u00f6glich oder zumutbar. Bei Bekanntwerden von Rechtsverletzungen werden wir derartige Links umgehend entfernen.<\/p>\n\n\n\n<h4 class=\"wp-block-heading\">VI. Urheberrecht<\/h4>\n\n\n\n<p>Die durch die Seitenbetreiber erstellten Inhalte und Werke auf diesen Seiten unterliegen dem deutschen Urheberrecht. Die Vervielf\u00e4ltigung, Bearbeitung, Verbreitung und jede Art der Verwertung au\u00dferhalb der Grenzen des Urheberrechtes bed\u00fcrfen der schriftlichen Zustimmung des jeweiligen Autors bzw. Erstellers. Downloads und Kopien dieser Seite sind nur f\u00fcr den privaten, nicht kommerziellen Gebrauch gestattet. Soweit die Inhalte auf dieser Seite nicht vom Betreiber erstellt wurden, werden die Urheberrechte Dritter beachtet. Insbesondere werden Inhalte Dritter als solche gekennzeichnet. Sollten Sie trotzdem auf eine Urheberrechtsverletzung aufmerksam werden, bitten wir um einen entsprechenden Hinweis. Bei Bekanntwerden von Rechtsverletzungen werden wir derartige Inhalte umgehend entfernen.<\/p>\n\n\n\n<h4 class=\"wp-block-heading\">VII. Datenschutz<\/h4>\n\n\n\n<p>Die Nutzung unserer Webseite ist ohne Angabe personenbezogener Daten m\u00f6glich. Wir weisen darauf hin, dass die Daten\u00fcbertragung im Internet (z.B. bei der Kommunikation per E-Mail) Sicherheitsl\u00fccken aufweisen kann. Ein l\u00fcckenloser Schutz der Daten vor dem Zugriff durch Dritte ist nicht m\u00f6glich. Der Nutzung von im Rahmen der Impressumspflicht ver\u00f6ffentlichten Kontaktdaten durch Dritte zur \u00dcbersendung von nicht ausdr\u00fccklich angeforderter Werbung und Informationsmaterialien wird hiermit ausdr\u00fccklich widersprochen. Die Betreiber der Seiten behalten sich ausdr\u00fccklich rechtliche Schritte im Falle der unverlangten Zusendung von Werbeinformationen, etwa durch Spam-Mails, vor.<\/p>\n\n\n\n<p>Quellen: eRecht24<\/p>","protected":false},"excerpt":{"rendered":"<p>SO:NJU &#8211; Agile Unternehmensberatung aus Hamburg SO:NJU&nbsp;GmbHLutterothstra\u00dfe 16 a20255 Hamburg Mail&nbsp;hello@so-nju.com Mobil Sonja +49 176 34105304 Gesch\u00e4ftsf\u00fchrerin: Sonja FritschiRegistergericht Hamburg, HRB 65292Verantwortlich f\u00fcr redaktionelle Inhalte gem. \u00a7 55 Abs. 2&#8230;<\/p>","protected":false},"author":3,"featured_media":0,"parent":0,"menu_order":0,"comment_status":"closed","ping_status":"closed","template":"","meta":{"h5ap_radio_sources":[],"footnotes":""},"class_list":["post-46","page","type-page","status-publish"],"_links":{"self":[{"href":"https:\/\/www.so-nju.com\/es\/wp-json\/wp\/v2\/pages\/46","targetHints":{"allow":["GET"]}}],"collection":[{"href":"https:\/\/www.so-nju.com\/es\/wp-json\/wp\/v2\/pages"}],"about":[{"href":"https:\/\/www.so-nju.com\/es\/wp-json\/wp\/v2\/types\/page"}],"author":[{"embeddable":true,"href":"https:\/\/www.so-nju.com\/es\/wp-json\/wp\/v2\/users\/3"}],"replies":[{"embeddable":true,"href":"https:\/\/www.so-nju.com\/es\/wp-json\/wp\/v2\/comments?post=46"}],"version-history":[{"count":6,"href":"https:\/\/www.so-nju.com\/es\/wp-json\/wp\/v2\/pages\/46\/revisions"}],"predecessor-version":[{"id":806,"href":"https:\/\/www.so-nju.com\/es\/wp-json\/wp\/v2\/pages\/46\/revisions\/806"}],"wp:attachment":[{"href":"https:\/\/www.so-nju.com\/es\/wp-json\/wp\/v2\/media?parent=46"}],"curies":[{"name":"wp","href":"https:\/\/api.w.org\/{rel}","templated":true}]}}